{"id":10562,"date":"2024-11-26T16:56:34","date_gmt":"2024-11-26T16:56:34","guid":{"rendered":"https:\/\/sportsforum.se\/?page_id=10562"},"modified":"2025-08-04T12:15:40","modified_gmt":"2025-08-04T12:15:40","slug":"sitemap","status":"publish","type":"page","link":"https:\/\/sportsforum.se\/en\/sitemap\/","title":{"rendered":"Site map"},"content":{"rendered":"<div id=\"fws_69f4636c2b222\"  data-column-margin=\"default\" data-midnight=\"dark\"  class=\"wpb_row vc_row-fluid vc_row\"  style=\"padding-top: 0px; padding-bottom: 0px; \"><div class=\"row-bg-wrap\" data-bg-animation=\"none\" data-bg-animation-delay=\"\" data-bg-overlay=\"false\"><div class=\"inner-wrap row-bg-layer\" ><div class=\"row-bg viewport-desktop\"  style=\"\"><\/div><\/div><\/div><div class=\"row_col_wrap_12 col span_12 dark left\">\n\t<div  class=\"vc_col-sm-12 wpb_column column_container vc_column_container col no-extra-padding inherit_tablet inherit_phone\"  data-padding-pos=\"all\" data-has-bg-color=\"false\" data-bg-color=\"\" data-bg-opacity=\"1\" data-animation=\"\" data-delay=\"0\" >\n\t\t<div class=\"vc_column-inner\" >\n\t\t\t<div class=\"wpb_wrapper\">\n\t\t\t\t\n<div class=\"wpb_text_column wpb_content_element\" >\n\t<div class=\"wpb_wrapper\">\n\t\t<div class=\"aioseo-breadcrumbs\"><span class=\"aioseo-breadcrumb\">\n\tHome\n<\/span><\/div>\n\t<\/div>\n<\/div>\n\n\n\n\n\t\t\t<\/div> \n\t\t<\/div>\n\t<\/div> \n<\/div><\/div>\n\t\t<div id=\"fws_69f4636c2b992\"  data-column-margin=\"default\" data-midnight=\"dark\"  class=\"wpb_row vc_row-fluid vc_row\"  style=\"padding-top: 0px; padding-bottom: 0px; \"><div class=\"row-bg-wrap\" data-bg-animation=\"none\" data-bg-animation-delay=\"\" data-bg-overlay=\"false\"><div class=\"inner-wrap row-bg-layer\" ><div class=\"row-bg viewport-desktop\"  style=\"\"><\/div><\/div><\/div><div class=\"row_col_wrap_12 col span_12 dark left\">\n\t<div  class=\"vc_col-sm-12 wpb_column column_container vc_column_container col no-extra-padding inherit_tablet inherit_phone\"  data-padding-pos=\"all\" data-has-bg-color=\"false\" data-bg-color=\"\" data-bg-opacity=\"1\" data-animation=\"\" data-delay=\"0\" >\n\t\t<div class=\"vc_column-inner\" >\n\t\t\t<div class=\"wpb_wrapper\">\n\t\t\t\t<h1 style=\"text-align: left\" class=\"vc_custom_heading vc_do_custom_heading\" >Site map<\/h1>\n\t\t\t<\/div> \n\t\t<\/div>\n\t<\/div> \n<\/div><\/div>\n\t\t<div id=\"fws_69f4636c2bb09\"  data-column-margin=\"none\" data-midnight=\"dark\"  class=\"wpb_row vc_row-fluid vc_row\"  style=\"padding-top: 0px; padding-bottom: 0px; \"><div class=\"row-bg-wrap\" data-bg-animation=\"none\" data-bg-animation-delay=\"\" data-bg-overlay=\"false\"><div class=\"inner-wrap row-bg-layer\" ><div class=\"row-bg viewport-desktop\"  style=\"\"><\/div><\/div><\/div><div class=\"row_col_wrap_12 col span_12 dark left\">\n\t<div  class=\"vc_col-sm-12 wpb_column column_container vc_column_container col no-extra-padding inherit_tablet inherit_phone\"  data-padding-pos=\"all\" data-has-bg-color=\"false\" data-bg-color=\"\" data-bg-opacity=\"1\" data-animation=\"\" data-delay=\"0\" >\n\t\t<div class=\"vc_column-inner\" >\n\t\t\t<div class=\"wpb_wrapper\">\n\t\t\t\t\n<div class=\"wpb_text_column wpb_content_element\" >\n\t<div class=\"wpb_wrapper\">\n\t\t<div class=\"aioseo-html-sitemap\"><style>.aioseo-html-sitemap.labels-hidden ul { margin: 0; }<\/style><div class=\"aioseo-html-post-sitemap\"><h4>Posts<\/h4><ul><li><a href=\"https:\/\/sportsforum.se\/en\/dif-forum\/\" >DIF FORUM<\/a><\/li><li><a href=\"https:\/\/sportsforum.se\/en\/osk-forum-football\/\" >\u00d6SK FORUM FOOTBALL<\/a><\/li><li><a href=\"https:\/\/sportsforum.se\/en\/ifk-goteborg-forum\/\" >IFK GOTHENBURG FORUM<\/a><\/li><li><a href=\"https:\/\/sportsforum.se\/en\/cornwall-football-forum\/\" >CORNWALL FOOTBALL FORUM<\/a><\/li><li><a href=\"https:\/\/sportsforum.se\/en\/millwall-football-forum\/\" >MILLWALL FOOTBALL FORUM<\/a><\/li><li><a href=\"https:\/\/sportsforum.se\/en\/hif-forum\/\" >HIF FORUM<\/a><\/li><li><a href=\"https:\/\/sportsforum.se\/en\/hammarby-forum\/\" >Hammarby forum<\/a><\/li><li><a href=\"https:\/\/sportsforum.se\/en\/ois-forum\/\" >\u00d6IS FORUM<\/a><\/li><li><a href=\"https:\/\/sportsforum.se\/en\/sirius-forum\/\" >SIRIUS FORUM<\/a><\/li><li><a href=\"https:\/\/sportsforum.se\/en\/j-sodra-forum\/\" >J SOUTHERN FORUM<\/a><\/li><li><a href=\"https:\/\/sportsforum.se\/en\/hv71-forum\/\" >HV71 FORUM<\/a><\/li><li><a href=\"https:\/\/sportsforum.se\/en\/leksands-if-forum\/\" >LEKSANDS IF FORUM<\/a><\/li><li><a href=\"https:\/\/sportsforum.se\/en\/elfsborg-forum\/\" >ELFSBORG FORUM<\/a><\/li><li><a href=\"https:\/\/sportsforum.se\/en\/wood-forum\/\" >WOOD FORUM<\/a><\/li><li><a href=\"https:\/\/sportsforum.se\/en\/doncaster-football-forum\/\" >DONCASTER FOOTBALL FORUM<\/a><\/li><li><a href=\"https:\/\/sportsforum.se\/en\/preston-football-forum\/\" >PRESTON FOOTBALL FORUM<\/a><\/li><li><a href=\"https:\/\/sportsforum.se\/en\/irish-league-football-forums\/\" >IRISH LEAGUE FOOTBALL FORUMS<\/a><\/li><li><a href=\"https:\/\/sportsforum.se\/en\/degerfors-if-forum\/\" >DEGERFORS IF FORUM<\/a><\/li><li><a href=\"https:\/\/sportsforum.se\/en\/north-power-forum\/\" >NORTH POWER FORUM<\/a><\/li><li><a href=\"https:\/\/sportsforum.se\/en\/utilising-data-trends-for-better-sports-strategy\/\" >Using data trends for better sport strategy<\/a><\/li><li><a href=\"https:\/\/sportsforum.se\/en\/interpret-live-statistics-for-instant-insights\/\" >Interpret live statistics for instant insights<\/a><\/li><li><a href=\"https:\/\/sportsforum.se\/en\/fbk-forum\/\" >FBK FORUM<\/a><\/li><li><a href=\"https:\/\/sportsforum.se\/en\/child-football-forum\/\" >CHILD FOOTBALL FORUM<\/a><\/li><li><a href=\"https:\/\/sportsforum.se\/en\/wigan-football-forum\/\" >WIGAN FOOTBALL FORUM<\/a><\/li><li><a href=\"https:\/\/sportsforum.se\/en\/lulea-hockey-forum\/\" >LULE\u00c5 HOCKEY FORUM<\/a><\/li><li><a href=\"https:\/\/sportsforum.se\/en\/dif-hockey-forum\/\" >DIF HOCKEY FORUM<\/a><\/li><li><a href=\"https:\/\/sportsforum.se\/en\/aik-hockey-forum\/\" >AIK HOCKEY FORUM<\/a><\/li><li><a href=\"https:\/\/sportsforum.se\/en\/barrow-football-club-forum\/\" >BARROW FOOTBALL CLUB FORUM<\/a><\/li><li><a href=\"https:\/\/sportsforum.se\/en\/blackpool-football-club-forum\/\" >BLACKPOOL FOOTBALL CLUB FORUM<\/a><\/li><li><a href=\"https:\/\/sportsforum.se\/en\/bolton-football-forum\/\" >BOLTON FOOTBALL FORUM<\/a><\/li><li><a href=\"https:\/\/sportsforum.se\/en\/speedway-forum\/\" >SPEEDWAY FORUM<\/a><\/li><li><a href=\"https:\/\/sportsforum.se\/en\/enhance-our-experience\/\" >Enhance the Olympic experience<\/a><\/li><li><a href=\"https:\/\/sportsforum.se\/en\/brentford-football-forum\/\" >BRENTFORD FOOTBALL FORUM<\/a><\/li><li><a href=\"https:\/\/sportsforum.se\/en\/walsall-football-forum\/\" >WALSALL FOOTBALL FORUM<\/a><\/li><li><a href=\"https:\/\/sportsforum.se\/en\/stoke-football-forum\/\" >STOKE FOOTBALL FORUM<\/a><\/li><li><a href=\"https:\/\/sportsforum.se\/en\/allsvenskan-2022\/\" >ALLSVENSKAN 2022<\/a><\/li><li><a href=\"https:\/\/sportsforum.se\/en\/leksand-vs-mora\/\" >LEKSAND VS MORA<\/a><\/li><li><a href=\"https:\/\/sportsforum.se\/en\/tottenham-forum\/\" >TOTTENHAM FORUM<\/a><\/li><li><a href=\"https:\/\/sportsforum.se\/en\/swedish-platforms-with-a-good-reputation\/\" >Swedish platforms with a good reputation<\/a><\/li><\/ul><\/div><br \/><div class=\"aioseo-html-page-sitemap\"><h4>Pages<\/h4><ul><li><a href=\"https:\/\/sportsforum.se\/en\/\" >Home page<\/a><\/li><li><a href=\"https:\/\/sportsforum.se\/en\/about-sports-forum\/\" >About Sportsforum<\/a><\/li><li><a href=\"https:\/\/sportsforum.se\/en\/conditions-and-rules\/\" >Conditions and rules<\/a><\/li><li><a href=\"https:\/\/sportsforum.se\/en\/contact\/\" >Contact us<\/a><\/li><li><a href=\"https:\/\/sportsforum.se\/en\/cookie-policy-for-sportsforum-se\/\" >Cookie policy for Sportsforum.se<\/a><\/li><li><a href=\"https:\/\/sportsforum.se\/en\/sitemap\/\" >Site map<\/a><\/li><li><a href=\"https:\/\/sportsforum.se\/en\/dictionary\/\" >Dictionary<\/a><\/li><li><a href=\"https:\/\/sportsforum.se\/en\/sportsforum-privacy-policy\/\" >Sportsforum privacy policy<\/a><\/li><\/ul><\/div><br \/><div class=\"aioseo-html-inlaggsforfattare-sitemap\"><h4>Post Authors<\/h4><ul><li><a href=\"https:\/\/sportsforum.se\/en\/contributing-author\/marek-prochazka\/\" >Mr Marek Proch\u00e1zka<\/a><\/li><\/ul><\/div><br \/><\/div>\n\t<\/div>\n<\/div>\n\n\n\n\n\t\t\t<\/div> \n\t\t<\/div>\n\t<\/div> \n<\/div><\/div>","protected":false},"excerpt":{"rendered":"Hem Webbplatskarta PostsDIF FORUM\u00d6SK FORUM FODBOLDIFK G\u00d6TEBORG FORUMCORNWALL FOOTBALL FORUMMILLWALL FOOTBALL FORUMHIF FORUMHammarby forum\u00d6IS FORUMSIRIUS FORUMJ S\u00d6DRA FORUMHV71 FORUM\u200bLEKSANDS IF FORUMELFSBORG FORUMBOIS FORUMDONCASTER FOOTBALL FORUMPRESTON FOOTBALL FORUMIRISH LEAGUE FOOTBALL FORUMSDEGERFORS IF FORUMNORTH POWER FORUMAnv\u00e4nda datatrender f\u00f6r b\u00e4ttre sportstrategiTolka live-statistik f\u00f6r omedelbara insikteFBK FORUMBARNET FOOTBALL FORUMWIGAN FOOTBALL FORUMLULE\u00c5 HOCKEY FORUMDIF HOCKEY FORUM\u200bAIK HOCKEY FORUM\u200bBARROW FOOTBALL CLUB FORUMBLACKPOOL FOOTBALL CLUB FORUMBOLTON FOOTBALL FORUMSPEEDWAY FORUMF\u00f6rh\u00f6j OS-upplevelsenBRENTFORD FOOTBALL FORUMWALSALL FOOTBALL FORUMSTOKE FOOTBALL FORUMALLSVENSKAN 2022LEKSAND...","protected":false},"author":7,"featured_media":0,"parent":0,"menu_order":0,"comment_status":"closed","ping_status":"closed","template":"","meta":{"_acf_changed":false,"inline_featured_image":false,"_glsr_average":0,"_glsr_ranking":0,"_glsr_reviews":0,"footnotes":""},"class_list":["post-10562","page","type-page","status-publish"],"acf":[],"aioseo_notices":[],"aioseo_head":"\n\t\t<!-- All in One SEO Pro 4.8.1.1 - aioseo.com -->\n\t<meta name=\"description\" content=\"Webbplatskarta F\u00e5 full \u00f6versikt \u00f6ver Sportsforum.se:s sektioner, forum och guider. Hitta snabbt sportdiskussioner, kunskap och resurser p\u00e5 sajten.\" \/>\n\t<meta name=\"robots\" content=\"max-image-preview:large\" \/>\n\t<link rel=\"canonical\" href=\"https:\/\/sportsforum.se\/en\/sitemap\/\" \/>\n\t<meta name=\"generator\" content=\"All in One SEO Pro (AIOSEO) 4.8.1.1\" \/>\n\t\t<meta property=\"og:locale\" content=\"en_GB\" \/>\n\t\t<meta property=\"og:site_name\" content=\"Sportsforum -\" \/>\n\t\t<meta property=\"og:type\" content=\"article\" \/>\n\t\t<meta property=\"og:title\" content=\"Webbplatskarta Sportsforum.se | Hitta snabbt p\u00e5 hela sajten\" \/>\n\t\t<meta property=\"og:description\" content=\"Webbplatskarta F\u00e5 full \u00f6versikt \u00f6ver Sportsforum.se:s sektioner, forum och guider. Hitta snabbt sportdiskussioner, kunskap och resurser p\u00e5 sajten.\" \/>\n\t\t<meta property=\"og:url\" content=\"https:\/\/sportsforum.se\/en\/sitemap\/\" \/>\n\t\t<meta property=\"og:image\" content=\"https:\/\/sportsforum.se\/wp-content\/uploads\/2025\/09\/sportsforum-logo-for-seo.webp\" \/>\n\t\t<meta property=\"og:image:secure_url\" content=\"https:\/\/sportsforum.se\/wp-content\/uploads\/2025\/09\/sportsforum-logo-for-seo.webp\" \/>\n\t\t<meta property=\"og:image:width\" content=\"1280\" \/>\n\t\t<meta property=\"og:image:height\" content=\"958\" \/>\n\t\t<meta property=\"article:published_time\" content=\"2024-11-26T16:56:34+00:00\" \/>\n\t\t<meta property=\"article:modified_time\" content=\"2025-08-04T12:15:40+00:00\" \/>\n\t\t<meta name=\"twitter:card\" content=\"summary_large_image\" \/>\n\t\t<meta name=\"twitter:site\" content=\"@MarekProch97105\" \/>\n\t\t<meta name=\"twitter:title\" content=\"Webbplatskarta Sportsforum.se | Hitta snabbt p\u00e5 hela sajten\" \/>\n\t\t<meta name=\"twitter:description\" content=\"Webbplatskarta F\u00e5 full \u00f6versikt \u00f6ver Sportsforum.se:s sektioner, forum och guider. Hitta snabbt sportdiskussioner, kunskap och resurser p\u00e5 sajten.\" \/>\n\t\t<meta name=\"twitter:creator\" content=\"@MarekProch97105\" \/>\n\t\t<meta name=\"twitter:image\" content=\"https:\/\/sportsforum.se\/wp-content\/uploads\/2025\/09\/sportsforum-logo-for-seo.webp\" \/>\n\t\t<script type=\"application\/ld+json\" class=\"aioseo-schema\">\n\t\t\t{\"@context\":\"https:\\\/\\\/schema.org\",\"@graph\":[{\"@type\":\"BreadcrumbList\",\"@id\":\"https:\\\/\\\/sportsforum.se\\\/en\\\/sitemap\\\/#breadcrumblist\",\"itemListElement\":[{\"@type\":\"ListItem\",\"@id\":\"https:\\\/\\\/sportsforum.se\\\/en\\\/#listItem\",\"position\":1,\"name\":\"Home\",\"item\":\"https:\\\/\\\/sportsforum.se\\\/en\\\/\",\"nextItem\":{\"@type\":\"ListItem\",\"@id\":\"https:\\\/\\\/sportsforum.se\\\/en\\\/sitemap\\\/#listItem\",\"name\":\"Webbplatskarta\"}},{\"@type\":\"ListItem\",\"@id\":\"https:\\\/\\\/sportsforum.se\\\/en\\\/sitemap\\\/#listItem\",\"position\":2,\"name\":\"Webbplatskarta\",\"previousItem\":{\"@type\":\"ListItem\",\"@id\":\"https:\\\/\\\/sportsforum.se\\\/en\\\/#listItem\",\"name\":\"Home\"}}]},{\"@type\":\"Organization\",\"@id\":\"https:\\\/\\\/sportsforum.se\\\/en\\\/#organization\",\"name\":\"Sportsforum\",\"url\":\"https:\\\/\\\/sportsforum.se\\\/en\\\/\",\"logo\":{\"@type\":\"ImageObject\",\"url\":\"https:\\\/\\\/sportsforum.se\\\/wp-content\\\/uploads\\\/2025\\\/09\\\/sportsforum-logo-for-seo.svg\",\"@id\":\"https:\\\/\\\/sportsforum.se\\\/en\\\/sitemap\\\/#organizationLogo\"},\"image\":{\"@id\":\"https:\\\/\\\/sportsforum.se\\\/en\\\/sitemap\\\/#organizationLogo\"},\"sameAs\":[\"https:\\\/\\\/x.com\\\/MarekProch97105\",\"https:\\\/\\\/www.linkedin.com\\\/in\\\/marek-prochzka-a44875328\\\/\"]},{\"@type\":\"WebPage\",\"@id\":\"https:\\\/\\\/sportsforum.se\\\/en\\\/sitemap\\\/#webpage\",\"url\":\"https:\\\/\\\/sportsforum.se\\\/en\\\/sitemap\\\/\",\"name\":\"Webbplatskarta Sportsforum.se | Hitta snabbt p\\u00e5 hela sajten\",\"description\":\"Webbplatskarta F\\u00e5 full \\u00f6versikt \\u00f6ver Sportsforum.se:s sektioner, forum och guider. Hitta snabbt sportdiskussioner, kunskap och resurser p\\u00e5 sajten.\",\"inLanguage\":\"en-GB\",\"isPartOf\":{\"@id\":\"https:\\\/\\\/sportsforum.se\\\/en\\\/#website\"},\"breadcrumb\":{\"@id\":\"https:\\\/\\\/sportsforum.se\\\/en\\\/sitemap\\\/#breadcrumblist\"},\"datePublished\":\"2024-11-26T16:56:34+00:00\",\"dateModified\":\"2025-08-04T12:15:40+00:00\"},{\"@type\":\"WebSite\",\"@id\":\"https:\\\/\\\/sportsforum.se\\\/en\\\/#website\",\"url\":\"https:\\\/\\\/sportsforum.se\\\/en\\\/\",\"name\":\"Sportsforum\",\"inLanguage\":\"en-GB\",\"publisher\":{\"@id\":\"https:\\\/\\\/sportsforum.se\\\/en\\\/#organization\"}}]}\n\t\t<\/script>\n\t\t<!-- All in One SEO Pro -->\r\n\t\t<title>Webbplatskarta Sportsforum.se | Hitta snabbt p\u00e5 hela sajten<\/title>\n\n","aioseo_head_json":{"title":"Site map Sportsforum.se | Quickly find your way around the site","description":"Site Map Get a full overview of Sportsforum.se's sections, forums and guides. Quickly find sports discussions, knowledge and resources on the site.","canonical_url":"https:\/\/sportsforum.se\/en\/sitemap\/","robots":"max-image-preview:large","keywords":"","webmasterTools":{"miscellaneous":""},"schema":{"@context":"https:\/\/schema.org","@graph":[{"@type":"BreadcrumbList","@id":"https:\/\/sportsforum.se\/en\/sitemap\/#breadcrumblist","itemListElement":[{"@type":"ListItem","@id":"https:\/\/sportsforum.se\/en\/#listItem","position":1,"name":"Home","item":"https:\/\/sportsforum.se\/en\/","nextItem":{"@type":"ListItem","@id":"https:\/\/sportsforum.se\/en\/sitemap\/#listItem","name":"Webbplatskarta"}},{"@type":"ListItem","@id":"https:\/\/sportsforum.se\/en\/sitemap\/#listItem","position":2,"name":"Webbplatskarta","previousItem":{"@type":"ListItem","@id":"https:\/\/sportsforum.se\/en\/#listItem","name":"Home"}}]},{"@type":"Organization","@id":"https:\/\/sportsforum.se\/en\/#organization","name":"Sportsforum","url":"https:\/\/sportsforum.se\/en\/","logo":{"@type":"ImageObject","url":"https:\/\/sportsforum.se\/wp-content\/uploads\/2025\/09\/sportsforum-logo-for-seo.svg","@id":"https:\/\/sportsforum.se\/en\/sitemap\/#organizationLogo"},"image":{"@id":"https:\/\/sportsforum.se\/en\/sitemap\/#organizationLogo"},"sameAs":["https:\/\/x.com\/MarekProch97105","https:\/\/www.linkedin.com\/in\/marek-prochzka-a44875328\/"]},{"@type":"WebPage","@id":"https:\/\/sportsforum.se\/en\/sitemap\/#webpage","url":"https:\/\/sportsforum.se\/en\/sitemap\/","name":"Webbplatskarta Sportsforum.se | Hitta snabbt p\u00e5 hela sajten","description":"Webbplatskarta F\u00e5 full \u00f6versikt \u00f6ver Sportsforum.se:s sektioner, forum och guider. Hitta snabbt sportdiskussioner, kunskap och resurser p\u00e5 sajten.","inLanguage":"en-GB","isPartOf":{"@id":"https:\/\/sportsforum.se\/en\/#website"},"breadcrumb":{"@id":"https:\/\/sportsforum.se\/en\/sitemap\/#breadcrumblist"},"datePublished":"2024-11-26T16:56:34+00:00","dateModified":"2025-08-04T12:15:40+00:00"},{"@type":"WebSite","@id":"https:\/\/sportsforum.se\/en\/#website","url":"https:\/\/sportsforum.se\/en\/","name":"Sportsforum","inLanguage":"en-GB","publisher":{"@id":"https:\/\/sportsforum.se\/en\/#organization"}}]},"og:locale":"en_GB","og:site_name":"Sportsforum -","og:type":"article","og:title":"Webbplatskarta Sportsforum.se | Hitta snabbt p\u00e5 hela sajten","og:description":"Webbplatskarta F\u00e5 full \u00f6versikt \u00f6ver Sportsforum.se:s sektioner, forum och guider. Hitta snabbt sportdiskussioner, kunskap och resurser p\u00e5 sajten.","og:url":"https:\/\/sportsforum.se\/en\/sitemap\/","og:image":"https:\/\/sportsforum.se\/wp-content\/uploads\/2025\/09\/sportsforum-logo-for-seo.webp","og:image:secure_url":"https:\/\/sportsforum.se\/wp-content\/uploads\/2025\/09\/sportsforum-logo-for-seo.webp","og:image:width":1280,"og:image:height":958,"article:published_time":"2024-11-26T16:56:34+00:00","article:modified_time":"2025-08-04T12:15:40+00:00","twitter:card":"summary_large_image","twitter:site":"@MarekProch97105","twitter:title":"Webbplatskarta Sportsforum.se | Hitta snabbt p\u00e5 hela sajten","twitter:description":"Webbplatskarta F\u00e5 full \u00f6versikt \u00f6ver Sportsforum.se:s sektioner, forum och guider. Hitta snabbt sportdiskussioner, kunskap och resurser p\u00e5 sajten.","twitter:creator":"@MarekProch97105","twitter:image":"https:\/\/sportsforum.se\/wp-content\/uploads\/2025\/09\/sportsforum-logo-for-seo.webp"},"aioseo_meta_data":{"post_id":"10562","title":"Site map Sportsforum.se | Quickly find your way around the site","description":"Site Map Get a full overview of Sportsforum.se's sections, forums and guides. Quickly find sports discussions, knowledge and resources on the site.","keywords":null,"keyphrases":{"focus":{"keyphrase":"Webbplatskarta","score":70,"analysis":{"keyphraseInTitle":{"score":9,"maxScore":9,"error":0},"keyphraseInDescription":{"score":9,"maxScore":9,"error":0},"keyphraseLength":{"score":9,"maxScore":9,"error":0,"length":1},"keyphraseInURL":{"score":5,"maxScore":5,"error":0},"keyphraseInIntroduction":{"score":3,"maxScore":9,"error":1},"keyphraseInSubHeadings":[],"keyphraseInImageAlt":[],"keywordDensity":{"type":"high","score":0,"maxScore":9,"error":1}}},"additional":[]},"primary_term":null,"canonical_url":null,"og_title":null,"og_description":null,"og_object_type":"default","og_image_type":"default","og_image_url":null,"og_image_width":null,"og_image_height":null,"og_image_custom_url":null,"og_image_custom_fields":null,"og_video":"","og_custom_url":null,"og_article_section":null,"og_article_tags":null,"twitter_use_og":false,"twitter_card":"default","twitter_image_type":"default","twitter_image_url":null,"twitter_image_custom_url":null,"twitter_image_custom_fields":null,"twitter_title":null,"twitter_description":null,"schema":{"blockGraphs":[],"customGraphs":[],"default":{"data":{"Article":[],"Course":[],"Dataset":[],"FAQPage":[],"Movie":[],"Person":[],"Product":[],"ProductReview":[],"Car":[],"Recipe":[],"Service":[],"SoftwareApplication":[],"WebPage":[]},"graphName":"WebPage","isEnabled":true},"graphs":[]},"schema_type":"default","schema_type_options":null,"pillar_content":false,"robots_default":true,"robots_noindex":false,"robots_noarchive":false,"robots_nosnippet":false,"robots_nofollow":false,"robots_noimageindex":false,"robots_noodp":false,"robots_notranslate":false,"robots_max_snippet":"-1","robots_max_videopreview":"-1","robots_max_imagepreview":"large","priority":null,"frequency":"default","local_seo":null,"limit_modified_date":false,"reviewed_by":null,"open_ai":{"title":{"suggestions":[],"usage":0},"description":{"suggestions":[],"usage":0}},"created":"2024-11-26 16:56:34","updated":"2025-08-04 12:23:06"},"aioseo_breadcrumb":"<div class=\"aioseo-breadcrumbs\"><span class=\"aioseo-breadcrumb\">\n\t<a href=\"https:\/\/sportsforum.se\/en\" title=\"Hem\">Hem<\/a>\n<\/span><span class=\"aioseo-breadcrumb-separator\">&gt;<\/span><span class=\"aioseo-breadcrumb\">\n\tWebbplatskarta\n<\/span><\/div>","aioseo_breadcrumb_json":[{"label":"Hem","link":"https:\/\/sportsforum.se\/en"},{"label":"Webbplatskarta","link":"https:\/\/sportsforum.se\/en\/sitemap\/"}],"_links":{"self":[{"href":"https:\/\/sportsforum.se\/en\/wp-json\/wp\/v2\/pages\/10562","targetHints":{"allow":["GET"]}}],"collection":[{"href":"https:\/\/sportsforum.se\/en\/wp-json\/wp\/v2\/pages"}],"about":[{"href":"https:\/\/sportsforum.se\/en\/wp-json\/wp\/v2\/types\/page"}],"author":[{"embeddable":true,"href":"https:\/\/sportsforum.se\/en\/wp-json\/wp\/v2\/users\/7"}],"replies":[{"embeddable":true,"href":"https:\/\/sportsforum.se\/en\/wp-json\/wp\/v2\/comments?post=10562"}],"version-history":[{"count":0,"href":"https:\/\/sportsforum.se\/en\/wp-json\/wp\/v2\/pages\/10562\/revisions"}],"wp:attachment":[{"href":"https:\/\/sportsforum.se\/en\/wp-json\/wp\/v2\/media?parent=10562"}],"curies":[{"name":"wp","href":"https:\/\/api.w.org\/{rel}","templated":true}]}}