{"id":11232,"date":"2025-01-16T11:26:45","date_gmt":"2025-01-16T11:26:45","guid":{"rendered":"https:\/\/sportsforum.se\/?page_id=11232"},"modified":"2025-10-04T12:34:33","modified_gmt":"2025-10-04T12:34:33","slug":"dictionary","status":"publish","type":"page","link":"https:\/\/sportsforum.se\/en\/dictionary\/","title":{"rendered":"Dictionary"},"content":{"rendered":"<div id=\"fws_69f4634cdf839\"  data-column-margin=\"none\" data-midnight=\"dark\"  class=\"wpb_row vc_row-fluid vc_row\"  style=\"padding-top: 0px; padding-bottom: 0px; \"><div class=\"row-bg-wrap\" data-bg-animation=\"none\" data-bg-animation-delay=\"\" data-bg-overlay=\"false\"><div class=\"inner-wrap row-bg-layer\" ><div class=\"row-bg viewport-desktop\"  style=\"\"><\/div><\/div><\/div><div class=\"row_col_wrap_12 col span_12 dark left\">\n\t<div  class=\"vc_col-sm-12 wpb_column column_container vc_column_container col no-extra-padding inherit_tablet inherit_phone\"  data-padding-pos=\"all\" data-has-bg-color=\"false\" data-bg-color=\"\" data-bg-opacity=\"1\" data-animation=\"\" data-delay=\"0\" >\n\t\t<div class=\"vc_column-inner\" >\n\t\t\t<div class=\"wpb_wrapper\">\n\t\t\t\t<div id=\"fws_69f4634cdfa8b\" data-midnight=\"\" data-column-margin=\"default\" class=\"wpb_row vc_row-fluid vc_row inner_row\"  style=\"\"><div class=\"row-bg-wrap\"> <div class=\"row-bg\" ><\/div> <\/div><div class=\"row_col_wrap_12_inner col span_12  left\">\n\t<div  class=\"vc_col-sm-12 wpb_column column_container vc_column_container col child_column no-extra-padding inherit_tablet inherit_phone\"   data-padding-pos=\"all\" data-has-bg-color=\"false\" data-bg-color=\"\" data-bg-opacity=\"1\" data-animation=\"\" data-delay=\"0\" >\n\t\t<div class=\"vc_column-inner\" >\n\t\t<div class=\"wpb_wrapper\">\n\t\t\t<h1 style=\"text-align: center\" class=\"vc_custom_heading vc_do_custom_heading\" >Dictionary<\/h1>\n\t\t<\/div> \n\t<\/div>\n\t<\/div> \n<\/div><\/div><div id=\"fws_69f4634cdfc22\" data-midnight=\"\" data-column-margin=\"default\" class=\"wpb_row vc_row-fluid vc_row inner_row\"  style=\"\"><div class=\"row-bg-wrap\"> <div class=\"row-bg\" ><\/div> <\/div><div class=\"row_col_wrap_12_inner col span_12  left\">\n\t<div  class=\"vc_col-sm-12 wpb_column column_container vc_column_container col child_column no-extra-padding inherit_tablet inherit_phone\"   data-padding-pos=\"all\" data-has-bg-color=\"false\" data-bg-color=\"\" data-bg-opacity=\"1\" data-animation=\"\" data-delay=\"0\" >\n\t\t<div class=\"vc_column-inner\" >\n\t\t<div class=\"wpb_wrapper\">\n\t\t\t\n<div class=\"wpb_text_column wpb_content_element\" >\n\t<div class=\"wpb_wrapper\">\n\t\t<div class=\"wpg-list-wrapper wpg-list-wrapper-template-alphabet\"><div class=\"wpg-list-filter-container\"><div class=\"wpg-list-filter\"><span class=\"wpg-list-filter-row\"><a class=\"filter active\" data-filter=\"all\">All<\/a><a class=\"filter\" data-filter=\".wpg-filter-b\">B<\/a><a class=\"filter\" data-filter=\".wpg-filter-d\">D<\/a><a class=\"filter\" data-filter=\".wpg-filter-f\">F<\/a><a class=\"filter\" data-filter=\".wpg-filter-h\">H<\/a><a class=\"filter\" data-filter=\".wpg-filter-i\">I<\/a><a class=\"filter\" data-filter=\".wpg-filter-p\">P<\/a><a class=\"filter\" data-filter=\".wpg-filter-r\">R<\/a><a class=\"filter\" data-filter=\".wpg-filter-s\">S<\/a><a class=\"filter\" data-filter=\".wpg-filter-v\">V<\/a><\/span><\/div><\/div><div class=\"wpg-list wpg-list-template-four-column\"><div class=\"wpg-list-block wpg-filter-b mix\" data-filter-base=\"b\"><h3 class=\"wpg-list-block-heading\">B<\/h3><ul class=\"wpg-list-items\"><li class=\"wpg-list-item\"><a class=\"wpg-list-item-title\" title=\"Barry town united\" href=\"https:\/\/sportsforum.se\/en\/dictionary\/barry-town-united\/\" >Barry town united<\/a><\/li><\/ul><\/div><div class=\"wpg-list-block wpg-filter-d mix\" data-filter-base=\"d\"><h3 class=\"wpg-list-block-heading\">D<\/h3><ul class=\"wpg-list-items\"><li class=\"wpg-list-item\"><a class=\"wpg-list-item-title\" title=\"Dare academy\" href=\"https:\/\/sportsforum.se\/en\/dictionary\/dare-academy\/\" >Dare academy<\/a><\/li><\/ul><\/div><div class=\"wpg-list-block wpg-filter-f mix\" data-filter-base=\"f\"><h3 class=\"wpg-list-block-heading\">F<\/h3><ul class=\"wpg-list-items\"><li class=\"wpg-list-item\"><a class=\"wpg-list-item-title\" title=\"Forza Utreg\" href=\"https:\/\/sportsforum.se\/en\/dictionary\/forza-utreg\/\" >Forza Utreg<\/a><\/li><li class=\"wpg-list-item\"><a class=\"wpg-list-item-title\" title=\"France football\" href=\"https:\/\/sportsforum.se\/en\/dictionary\/france-football\/\" >France football<\/a><\/li><\/ul><\/div><div class=\"wpg-list-block wpg-filter-h mix\" data-filter-base=\"h\"><h3 class=\"wpg-list-block-heading\">H<\/h3><ul class=\"wpg-list-items\"><li class=\"wpg-list-item\"><a class=\"wpg-list-item-title\" title=\"Hammarby fans\" href=\"https:\/\/sportsforum.se\/en\/dictionary\/hammarby-fans\/\" >Hammarby fans<\/a><\/li><li class=\"wpg-list-item\"><a class=\"wpg-list-item-title\" title=\"Hammarby flag\" href=\"https:\/\/sportsforum.se\/en\/dictionary\/hammarby-flag\/\" >Hammarby flag<\/a><\/li><li class=\"wpg-list-item\"><a class=\"wpg-list-item-title\" title=\"Hammarby IF\" href=\"https:\/\/sportsforum.se\/en\/dictionary\/hammarby-if\/\" >Hammarby IF<\/a><\/li><li class=\"wpg-list-item\"><a class=\"wpg-list-item-title\" title=\"Hammarby songs\" href=\"https:\/\/sportsforum.se\/en\/dictionary\/hammarby-sanger\/\" >Hammarby songs<\/a><\/li><li class=\"wpg-list-item\"><a class=\"wpg-list-item-title\" title=\"Hammarby Fotboll has won 1 Swedish championship (Allsvenskan) title.\" href=\"https:\/\/sportsforum.se\/en\/dictionary\/hur-manga-sm-guld-har-hammarby-fotboll\/\" >Hammarby Fotboll has won 1 Swedish championship (Allsvenskan) title.<\/a><\/li><\/ul><\/div><div class=\"wpg-list-block wpg-filter-i mix\" data-filter-base=\"i\"><h3 class=\"wpg-list-block-heading\">I<\/h3><ul class=\"wpg-list-items\"><li class=\"wpg-list-item\"><a class=\"wpg-list-item-title\" title=\"IFK Arboga\" href=\"https:\/\/sportsforum.se\/en\/dictionary\/ifk-arboga\/\" >IFK Arboga<\/a><\/li><\/ul><\/div><div class=\"wpg-list-block wpg-filter-p mix\" data-filter-base=\"p\"><h3 class=\"wpg-list-block-heading\">P<\/h3><ul class=\"wpg-list-items\"><li class=\"wpg-list-item\"><a class=\"wpg-list-item-title\" title=\"PK-35 Vantaa\" href=\"https:\/\/sportsforum.se\/en\/dictionary\/hp-35-vantaa\/\" >PK-35 Vantaa<\/a><\/li><li class=\"wpg-list-item\"><a class=\"wpg-list-item-title\" title=\"Scoring in football em\" href=\"https:\/\/sportsforum.se\/en\/dictionary\/points-stall-in-the-football-em\/\" >Scoring in football em<\/a><\/li><\/ul><\/div><div class=\"wpg-list-block wpg-filter-r mix\" data-filter-base=\"r\"><h3 class=\"wpg-list-block-heading\">R<\/h3><ul class=\"wpg-list-items\"><li class=\"wpg-list-item\"><a class=\"wpg-list-item-title\" title=\"Rydaholms Goif\" href=\"https:\/\/sportsforum.se\/en\/dictionary\/rydaholm-goif\/\" >Rydaholms Goif<\/a><\/li><\/ul><\/div><div class=\"wpg-list-block wpg-filter-s mix\" data-filter-base=\"s\"><h3 class=\"wpg-list-block-heading\">S<\/h3><ul class=\"wpg-list-items\"><li class=\"wpg-list-item\"><a class=\"wpg-list-item-title\" title=\"Small town clubs\" href=\"https:\/\/sportsforum.se\/en\/dictionary\/smashed-clubs\/\" >Small town clubs<\/a><\/li><li class=\"wpg-list-item\"><a class=\"wpg-list-item-title\" title=\"Swedish football\" href=\"https:\/\/sportsforum.se\/en\/dictionary\/swedish-football\/\" >Swedish football<\/a><\/li><li class=\"wpg-list-item\"><a class=\"wpg-list-item-title\" title=\"Swedish sports fans\" href=\"https:\/\/sportsforum.se\/en\/dictionary\/swedish-sports-fans\/\" >Swedish sports fans<\/a><\/li><\/ul><\/div><div class=\"wpg-list-block wpg-filter-v mix\" data-filter-base=\"v\"><h3 class=\"wpg-list-block-heading\">V<\/h3><ul class=\"wpg-list-items\"><li class=\"wpg-list-item\"><a class=\"wpg-list-item-title\" title=\"Vasas\u00e4llskapet FK\" href=\"https:\/\/sportsforum.se\/en\/dictionary\/vasasallskapet-fk\/\" >Vasas\u00e4llskapet FK<\/a><\/li><\/ul><\/div><\/div><div class=\"wpg-clearfix\"><\/div><\/div>\n\t<\/div>\n<\/div>\n\n\n\n\n\t\t<\/div> \n\t<\/div>\n\t<\/div> \n<\/div><\/div>\n\t\t\t<\/div> \n\t\t<\/div>\n\t<\/div> \n<\/div><\/div>","protected":false},"excerpt":{"rendered":"Vasas\u00e4llskapet FK VASAS\u00c4LLSKAPET FK \u2013 IDROTTSGEMENSKAP OCH ENGAGEMANG I STOCKHOLM BAKGRUND OCH GEMENSKAPER I FOTBOLLEN Vasas\u00e4llskapet FK \u00e4r ett svenskt fotbollslag hemmah\u00f6rande i Stockholm och har sitt ursprung i en l\u00e5ng svensk tradition av ideella f\u00f6reningar. Klubben har blivit en naturlig m\u00f6tesplats f\u00f6r b\u00e5de aktiva och supportar i Stockholmsregionen, och spelar sina hemmamatcher p\u00e5 Stadshagens IP. Lagets historia har format klubbens identitet och satt dess tydliga pr\u00e4gel bland lokala fotbollskommuniteter....","protected":false},"author":7,"featured_media":0,"parent":0,"menu_order":0,"comment_status":"closed","ping_status":"closed","template":"","meta":{"_acf_changed":false,"inline_featured_image":false,"_glsr_average":0,"_glsr_ranking":0,"_glsr_reviews":0,"footnotes":""},"class_list":["post-11232","page","type-page","status-publish"],"acf":[],"aioseo_notices":[],"aioseo_head":"\n\t\t<!-- All in One SEO Pro 4.8.1.1 - aioseo.com -->\n\t<meta name=\"description\" content=\"F\u00e5 insikt i Vasas\u00e4llskapet FK:s betydelse f\u00f6r Stockholms fotbollsliv och sportscommunities. L\u00e4s om klubbens historia, roll, v\u00e4rderingar och praktiska exempel.\" \/>\n\t<meta name=\"robots\" content=\"max-image-preview:large\" \/>\n\t<link rel=\"canonical\" href=\"https:\/\/sportsforum.se\/en\/dictionary\/vasasallskapet-fk\/\" \/>\n\t<meta name=\"generator\" content=\"All in One SEO Pro (AIOSEO) 4.8.1.1\" \/>\n\t\t<meta property=\"og:locale\" content=\"en_GB\" \/>\n\t\t<meta property=\"og:site_name\" content=\"Sportsforum -\" \/>\n\t\t<meta property=\"og:type\" content=\"article\" \/>\n\t\t<meta property=\"og:title\" content=\"Vasas\u00e4llskapet FK \u2013 gemenskap och engagemang i Stockholm\" \/>\n\t\t<meta property=\"og:description\" content=\"F\u00e5 insikt i Vasas\u00e4llskapet FK:s betydelse f\u00f6r Stockholms fotbollsliv och sportscommunities. L\u00e4s om klubbens historia, roll, v\u00e4rderingar och praktiska exempel.\" \/>\n\t\t<meta property=\"og:url\" content=\"https:\/\/sportsforum.se\/en\/dictionary\/vasasallskapet-fk\/\" \/>\n\t\t<meta property=\"og:image\" content=\"https:\/\/sportsforum.se\/wp-content\/uploads\/2025\/09\/sportsforum-logo-for-seo.webp\" \/>\n\t\t<meta property=\"og:image:secure_url\" content=\"https:\/\/sportsforum.se\/wp-content\/uploads\/2025\/09\/sportsforum-logo-for-seo.webp\" \/>\n\t\t<meta property=\"og:image:width\" content=\"1280\" \/>\n\t\t<meta property=\"og:image:height\" content=\"958\" \/>\n\t\t<meta property=\"article:published_time\" content=\"2025-09-06T20:19:24+00:00\" \/>\n\t\t<meta property=\"article:modified_time\" content=\"2026-01-23T16:42:09+00:00\" \/>\n\t\t<meta name=\"twitter:card\" content=\"summary_large_image\" \/>\n\t\t<meta name=\"twitter:site\" content=\"@MarekProch97105\" \/>\n\t\t<meta name=\"twitter:title\" content=\"Vasas\u00e4llskapet FK \u2013 gemenskap och engagemang i Stockholm\" \/>\n\t\t<meta name=\"twitter:description\" content=\"F\u00e5 insikt i Vasas\u00e4llskapet FK:s betydelse f\u00f6r Stockholms fotbollsliv och sportscommunities. L\u00e4s om klubbens historia, roll, v\u00e4rderingar och praktiska exempel.\" \/>\n\t\t<meta name=\"twitter:creator\" content=\"@MarekProch97105\" \/>\n\t\t<meta name=\"twitter:image\" content=\"https:\/\/sportsforum.se\/wp-content\/uploads\/2025\/09\/sportsforum-logo-for-seo.webp\" \/>\n\t\t<script type=\"application\/ld+json\" class=\"aioseo-schema\">\n\t\t\t{\"@context\":\"https:\\\/\\\/schema.org\",\"@graph\":[{\"@type\":\"BreadcrumbList\",\"@id\":\"https:\\\/\\\/sportsforum.se\\\/en\\\/dictionary\\\/vasasallskapet-fk\\\/#breadcrumblist\",\"itemListElement\":[{\"@type\":\"ListItem\",\"@id\":\"https:\\\/\\\/sportsforum.se\\\/en\\\/#listItem\",\"position\":1,\"name\":\"Home\",\"item\":\"https:\\\/\\\/sportsforum.se\\\/en\\\/\",\"nextItem\":{\"@type\":\"ListItem\",\"@id\":\"https:\\\/\\\/sportsforum.se\\\/en\\\/dictionary\\\/vasasallskapet-fk\\\/#listItem\",\"name\":\"Vasas\\u00e4llskapet FK\"}},{\"@type\":\"ListItem\",\"@id\":\"https:\\\/\\\/sportsforum.se\\\/en\\\/dictionary\\\/vasasallskapet-fk\\\/#listItem\",\"position\":2,\"name\":\"Vasas\\u00e4llskapet FK\",\"previousItem\":{\"@type\":\"ListItem\",\"@id\":\"https:\\\/\\\/sportsforum.se\\\/en\\\/#listItem\",\"name\":\"Home\"}}]},{\"@type\":\"Organization\",\"@id\":\"https:\\\/\\\/sportsforum.se\\\/en\\\/#organization\",\"name\":\"Sportsforum\",\"url\":\"https:\\\/\\\/sportsforum.se\\\/en\\\/\",\"logo\":{\"@type\":\"ImageObject\",\"url\":\"https:\\\/\\\/sportsforum.se\\\/wp-content\\\/uploads\\\/2025\\\/09\\\/sportsforum-logo-for-seo.svg\",\"@id\":\"https:\\\/\\\/sportsforum.se\\\/en\\\/dictionary\\\/vasasallskapet-fk\\\/#organizationLogo\"},\"image\":{\"@id\":\"https:\\\/\\\/sportsforum.se\\\/en\\\/dictionary\\\/vasasallskapet-fk\\\/#organizationLogo\"},\"sameAs\":[\"https:\\\/\\\/x.com\\\/MarekProch97105\",\"https:\\\/\\\/www.linkedin.com\\\/in\\\/marek-prochzka-a44875328\\\/\"]},{\"@type\":\"Person\",\"@id\":\"https:\\\/\\\/sportsforum.se\\\/en\\\/inlaggsforfattare\\\/marek-prochazka#author\",\"url\":\"https:\\\/\\\/sportsforum.se\\\/en\\\/inlaggsforfattare\\\/marek-prochazka\",\"name\":\"Marek Prochazka\",\"image\":{\"@type\":\"ImageObject\",\"url\":\"https:\\\/\\\/sportsforum.se\\\/wp-content\\\/uploads\\\/2024\\\/07\\\/cropped-Reduced1_shutterstock_2188071443-1-e1726160946634.jpg\"}},{\"@type\":\"WebPage\",\"@id\":\"https:\\\/\\\/sportsforum.se\\\/en\\\/dictionary\\\/vasasallskapet-fk\\\/#webpage\",\"url\":\"https:\\\/\\\/sportsforum.se\\\/en\\\/dictionary\\\/vasasallskapet-fk\\\/\",\"name\":\"Vasas\\u00e4llskapet FK \\u2013 gemenskap och engagemang i Stockholm\",\"description\":\"F\\u00e5 insikt i Vasas\\u00e4llskapet FK:s betydelse f\\u00f6r Stockholms fotbollsliv och sportscommunities. L\\u00e4s om klubbens historia, roll, v\\u00e4rderingar och praktiska exempel.\",\"inLanguage\":\"en-GB\",\"isPartOf\":{\"@id\":\"https:\\\/\\\/sportsforum.se\\\/en\\\/#website\"},\"breadcrumb\":{\"@id\":\"https:\\\/\\\/sportsforum.se\\\/en\\\/dictionary\\\/vasasallskapet-fk\\\/#breadcrumblist\"},\"author\":{\"@id\":\"https:\\\/\\\/sportsforum.se\\\/en\\\/inlaggsforfattare\\\/marek-prochazka#author\"},\"creator\":{\"@id\":\"https:\\\/\\\/sportsforum.se\\\/en\\\/inlaggsforfattare\\\/marek-prochazka#author\"},\"datePublished\":\"2025-09-06T20:19:24+00:00\",\"dateModified\":\"2026-01-23T16:42:09+00:00\"},{\"@type\":\"WebSite\",\"@id\":\"https:\\\/\\\/sportsforum.se\\\/en\\\/#website\",\"url\":\"https:\\\/\\\/sportsforum.se\\\/en\\\/\",\"name\":\"Sportsforum\",\"inLanguage\":\"en-GB\",\"publisher\":{\"@id\":\"https:\\\/\\\/sportsforum.se\\\/en\\\/#organization\"}}]}\n\t\t<\/script>\n\t\t<!-- All in One SEO Pro -->\r\n\t\t<title>Vasas\u00e4llskapet FK \u2013 gemenskap och engagemang i Stockholm<\/title>\n\n","aioseo_head_json":{"title":"Vasas\u00e4llskapet FK - community and engagement in Stockholm","description":"Explore Vasas\u00e4llskapet FK\u2019s role in Stockholm\u2019s football and sports scene. Discover the club\u2019s history, values, and real examples of community impact.","canonical_url":"https:\/\/sportsforum.se\/en\/dictionary\/vasasallskapet-fk\/","robots":"max-image-preview:large","keywords":"","webmasterTools":{"miscellaneous":""},"schema":{"@context":"https:\/\/schema.org","@graph":[{"@type":"BreadcrumbList","@id":"https:\/\/sportsforum.se\/en\/dictionary\/vasasallskapet-fk\/#breadcrumblist","itemListElement":[{"@type":"ListItem","@id":"https:\/\/sportsforum.se\/en\/#listItem","position":1,"name":"Home","item":"https:\/\/sportsforum.se\/en\/","nextItem":{"@type":"ListItem","@id":"https:\/\/sportsforum.se\/en\/dictionary\/vasasallskapet-fk\/#listItem","name":"Vasas\u00e4llskapet FK"}},{"@type":"ListItem","@id":"https:\/\/sportsforum.se\/en\/dictionary\/vasasallskapet-fk\/#listItem","position":2,"name":"Vasas\u00e4llskapet FK","previousItem":{"@type":"ListItem","@id":"https:\/\/sportsforum.se\/en\/#listItem","name":"Home"}}]},{"@type":"Organization","@id":"https:\/\/sportsforum.se\/en\/#organization","name":"Sportsforum","url":"https:\/\/sportsforum.se\/en\/","logo":{"@type":"ImageObject","url":"https:\/\/sportsforum.se\/wp-content\/uploads\/2025\/09\/sportsforum-logo-for-seo.svg","@id":"https:\/\/sportsforum.se\/en\/dictionary\/vasasallskapet-fk\/#organizationLogo"},"image":{"@id":"https:\/\/sportsforum.se\/en\/dictionary\/vasasallskapet-fk\/#organizationLogo"},"sameAs":["https:\/\/x.com\/MarekProch97105","https:\/\/www.linkedin.com\/in\/marek-prochzka-a44875328\/"]},{"@type":"Person","@id":"https:\/\/sportsforum.se\/en\/inlaggsforfattare\/marek-prochazka#author","url":"https:\/\/sportsforum.se\/en\/inlaggsforfattare\/marek-prochazka","name":"Marek Prochazka","image":{"@type":"ImageObject","url":"https:\/\/sportsforum.se\/wp-content\/uploads\/2024\/07\/cropped-Reduced1_shutterstock_2188071443-1-e1726160946634.jpg"}},{"@type":"WebPage","@id":"https:\/\/sportsforum.se\/en\/dictionary\/vasasallskapet-fk\/#webpage","url":"https:\/\/sportsforum.se\/en\/dictionary\/vasasallskapet-fk\/","name":"Vasas\u00e4llskapet FK \u2013 gemenskap och engagemang i Stockholm","description":"F\u00e5 insikt i Vasas\u00e4llskapet FK:s betydelse f\u00f6r Stockholms fotbollsliv och sportscommunities. L\u00e4s om klubbens historia, roll, v\u00e4rderingar och praktiska exempel.","inLanguage":"en-GB","isPartOf":{"@id":"https:\/\/sportsforum.se\/en\/#website"},"breadcrumb":{"@id":"https:\/\/sportsforum.se\/en\/dictionary\/vasasallskapet-fk\/#breadcrumblist"},"author":{"@id":"https:\/\/sportsforum.se\/en\/inlaggsforfattare\/marek-prochazka#author"},"creator":{"@id":"https:\/\/sportsforum.se\/en\/inlaggsforfattare\/marek-prochazka#author"},"datePublished":"2025-09-06T20:19:24+00:00","dateModified":"2026-01-23T16:42:09+00:00"},{"@type":"WebSite","@id":"https:\/\/sportsforum.se\/en\/#website","url":"https:\/\/sportsforum.se\/en\/","name":"Sportsforum","inLanguage":"en-GB","publisher":{"@id":"https:\/\/sportsforum.se\/en\/#organization"}}]},"og:locale":"en_GB","og:site_name":"Sportsforum -","og:type":"article","og:title":"Vasas\u00e4llskapet FK \u2013 gemenskap och engagemang i Stockholm","og:description":"F\u00e5 insikt i Vasas\u00e4llskapet FK:s betydelse f\u00f6r Stockholms fotbollsliv och sportscommunities. L\u00e4s om klubbens historia, roll, v\u00e4rderingar och praktiska exempel.","og:url":"https:\/\/sportsforum.se\/en\/dictionary\/vasasallskapet-fk\/","og:image":"https:\/\/sportsforum.se\/wp-content\/uploads\/2025\/09\/sportsforum-logo-for-seo.webp","og:image:secure_url":"https:\/\/sportsforum.se\/wp-content\/uploads\/2025\/09\/sportsforum-logo-for-seo.webp","og:image:width":1280,"og:image:height":958,"article:published_time":"2025-09-06T20:19:24+00:00","article:modified_time":"2026-01-23T16:42:09+00:00","twitter:card":"summary_large_image","twitter:site":"@MarekProch97105","twitter:title":"Vasas\u00e4llskapet FK \u2013 gemenskap och engagemang i Stockholm","twitter:description":"F\u00e5 insikt i Vasas\u00e4llskapet FK:s betydelse f\u00f6r Stockholms fotbollsliv och sportscommunities. L\u00e4s om klubbens historia, roll, v\u00e4rderingar och praktiska exempel.","twitter:creator":"@MarekProch97105","twitter:image":"https:\/\/sportsforum.se\/wp-content\/uploads\/2025\/09\/sportsforum-logo-for-seo.webp"},"aioseo_meta_data":{"post_id":"11232","title":"Dictionary - sports terms and concepts on Sportsforum.se","description":"Sportsforum Dictionary: Discover explanations and examples of sports terms, slang and concepts used in discussions on Sportsforum.se - for all sports fans.","keywords":null,"keyphrases":{"focus":{"keyphrase":"Ordbok","score":64,"analysis":{"keyphraseInTitle":{"score":9,"maxScore":9,"error":0},"keyphraseInDescription":{"score":9,"maxScore":9,"error":0},"keyphraseLength":{"score":9,"maxScore":9,"error":0,"length":1},"keyphraseInURL":{"score":5,"maxScore":5,"error":0},"keyphraseInIntroduction":{"score":3,"maxScore":9,"error":1},"keyphraseInSubHeadings":{"score":3,"maxScore":9,"error":1},"keyphraseInImageAlt":[],"keywordDensity":{"type":"high","score":0,"maxScore":9,"error":1}}},"additional":[]},"primary_term":null,"canonical_url":null,"og_title":null,"og_description":null,"og_object_type":"default","og_image_type":"default","og_image_url":null,"og_image_width":null,"og_image_height":null,"og_image_custom_url":null,"og_image_custom_fields":null,"og_video":"","og_custom_url":null,"og_article_section":null,"og_article_tags":null,"twitter_use_og":false,"twitter_card":"default","twitter_image_type":"default","twitter_image_url":null,"twitter_image_custom_url":null,"twitter_image_custom_fields":null,"twitter_title":null,"twitter_description":null,"schema":{"blockGraphs":[],"customGraphs":[],"default":{"data":{"Article":[],"Course":[],"Dataset":[],"FAQPage":[],"Movie":[],"Person":[],"Product":[],"ProductReview":[],"Car":[],"Recipe":[],"Service":[],"SoftwareApplication":[],"WebPage":[]},"graphName":"WebPage","isEnabled":true},"graphs":[]},"schema_type":"default","schema_type_options":null,"pillar_content":false,"robots_default":true,"robots_noindex":false,"robots_noarchive":false,"robots_nosnippet":false,"robots_nofollow":false,"robots_noimageindex":false,"robots_noodp":false,"robots_notranslate":false,"robots_max_snippet":"-1","robots_max_videopreview":"-1","robots_max_imagepreview":"large","priority":null,"frequency":"default","local_seo":null,"limit_modified_date":false,"reviewed_by":null,"open_ai":{"title":{"suggestions":[],"usage":0},"description":{"suggestions":[],"usage":0}},"created":"2025-01-16 11:26:45","updated":"2025-10-04 12:42:45"},"aioseo_breadcrumb":"<div class=\"aioseo-breadcrumbs\"><span class=\"aioseo-breadcrumb\">\n\t<a href=\"https:\/\/sportsforum.se\/en\" title=\"Hem\">Hem<\/a>\n<\/span><span class=\"aioseo-breadcrumb-separator\">&gt;<\/span><span class=\"aioseo-breadcrumb\">\n\tOrdbok\n<\/span><\/div>","aioseo_breadcrumb_json":[{"label":"Hem","link":"https:\/\/sportsforum.se\/en"},{"label":"Ordbok","link":"https:\/\/sportsforum.se\/en\/dictionary\/"}],"_links":{"self":[{"href":"https:\/\/sportsforum.se\/en\/wp-json\/wp\/v2\/pages\/11232","targetHints":{"allow":["GET"]}}],"collection":[{"href":"https:\/\/sportsforum.se\/en\/wp-json\/wp\/v2\/pages"}],"about":[{"href":"https:\/\/sportsforum.se\/en\/wp-json\/wp\/v2\/types\/page"}],"author":[{"embeddable":true,"href":"https:\/\/sportsforum.se\/en\/wp-json\/wp\/v2\/users\/7"}],"replies":[{"embeddable":true,"href":"https:\/\/sportsforum.se\/en\/wp-json\/wp\/v2\/comments?post=11232"}],"version-history":[{"count":0,"href":"https:\/\/sportsforum.se\/en\/wp-json\/wp\/v2\/pages\/11232\/revisions"}],"wp:attachment":[{"href":"https:\/\/sportsforum.se\/en\/wp-json\/wp\/v2\/media?parent=11232"}],"curies":[{"name":"wp","href":"https:\/\/api.w.org\/{rel}","templated":true}]}}